{"id":108,"date":"2026-02-08T21:17:39","date_gmt":"2026-02-08T21:17:39","guid":{"rendered":"https:\/\/dlu-stadler-kabelkonfektion.de\/?page_id=108"},"modified":"2026-02-08T23:04:02","modified_gmt":"2026-02-08T23:04:02","slug":"ueber-uns","status":"publish","type":"page","link":"https:\/\/dlu-stadler-kabelkonfektion.de\/en\/ueber-uns\/","title":{"rendered":"About us"},"content":{"rendered":"<div class=\"wp-block-group alignfull is-style-ext-preset--group--natural-1--section has-background-background-color has-background has-global-padding is-layout-constrained wp-container-core-group-is-layout-843e5a6d wp-block-group-is-layout-constrained\" style=\"margin-top:0;margin-bottom:0;padding-top:var(--wp--preset--spacing--70);padding-bottom:var(--wp--preset--spacing--70)\">\n<div class=\"wp-block-group alignwide is-vertical is-content-justification-center is-layout-flex wp-container-core-group-is-layout-c9ee0c5a wp-block-group-is-layout-flex\">\n<div class=\"wp-block-group has-global-padding is-layout-constrained wp-container-core-group-is-layout-2287c683 wp-block-group-is-layout-constrained\">\n<h2 class=\"wp-block-heading has-text-align-center\">Find out more about how we work and our commitment to quality.<\/h2>\n\n\n\n<p class=\"has-text-align-center\">Here we show how we use precision and German craftsmanship to produce high-quality cables for various industries.<\/p>\n<\/div>\n<\/div>\n<\/div>\n\n\n\n<div class=\"wp-block-group alignfull is-style-ext-preset--group--natural-1--section has-tertiary-background-color has-background has-global-padding is-layout-constrained wp-container-core-group-is-layout-f72f1611 wp-block-group-is-layout-constrained\" style=\"margin-top:0;margin-bottom:0;padding-top:var(--wp--preset--spacing--70);padding-bottom:var(--wp--preset--spacing--70)\">\n<div class=\"wp-block-group alignwide is-vertical is-layout-flex wp-container-core-group-is-layout-c35747d5 wp-block-group-is-layout-flex\">\n<div class=\"wp-block-group has-global-padding is-layout-constrained wp-container-core-group-is-layout-5e05634a wp-block-group-is-layout-constrained\">\n<h2 class=\"wp-block-heading\">Discover fascinating insights into our work.<\/h2>\n\n\n\n<p class=\"has-text-align-left\">Here we present authentic images that reflect the precision and quality of our cable assembly in Germany.<\/p>\n<\/div>\n<\/div>\n\n\n\n<div class=\"wp-block-columns alignwide are-vertically-aligned-top is-layout-flex wp-container-core-columns-is-layout-87beb0d0 wp-block-columns-is-layout-flex\">\n<div class=\"wp-block-column is-vertically-aligned-top is-layout-flow wp-container-core-column-is-layout-f5bb311e wp-block-column-is-layout-flow\">\n<figure class=\"wp-block-image size-large is-style-ext-preset--image--natural-1--image-1--content-top is-style-ext-preset--image--natural-1--image-1--content-top--3\"><img loading=\"lazy\" decoding=\"async\" width=\"1024\" height=\"683\" src=\"https:\/\/dlu-stadler-kabelkonfektion.de\/wp-content\/uploads\/2026\/01\/22-1024x683.png\" alt=\"\" class=\"wp-image-58\" style=\"aspect-ratio:1;object-fit:cover\" srcset=\"https:\/\/dlu-stadler-kabelkonfektion.de\/wp-content\/uploads\/2026\/01\/22-1024x683.png 1024w, https:\/\/dlu-stadler-kabelkonfektion.de\/wp-content\/uploads\/2026\/01\/22-300x200.png 300w, https:\/\/dlu-stadler-kabelkonfektion.de\/wp-content\/uploads\/2026\/01\/22-768x512.png 768w, https:\/\/dlu-stadler-kabelkonfektion.de\/wp-content\/uploads\/2026\/01\/22-1536x1024.png 1536w, https:\/\/dlu-stadler-kabelkonfektion.de\/wp-content\/uploads\/2026\/01\/22-2048x1366.png 2048w, https:\/\/dlu-stadler-kabelkonfektion.de\/wp-content\/uploads\/2026\/01\/22-18x12.png 18w\" sizes=\"auto, (max-width: 1024px) 100vw, 1024px\" \/><\/figure>\n<\/div>\n\n\n\n<div class=\"wp-block-column is-vertically-aligned-top is-layout-flow wp-container-core-column-is-layout-f5bb311e wp-block-column-is-layout-flow\">\n<figure class=\"wp-block-image size-full is-style-ext-preset--image--natural-1--image-1--content-top is-style-ext-preset--image--natural-1--image-1--content-top--4\"><img decoding=\"async\" src=\"https:\/\/dlu-stadler-kabelkonfektion.de\/wp-content\/uploads\/2026\/02\/24.png\" alt=\"\" class=\"wp-image-109\" style=\"aspect-ratio:1;object-fit:cover\"\/><\/figure>\n<\/div>\n\n\n\n<div class=\"wp-block-column is-vertically-aligned-top is-layout-flow wp-container-core-column-is-layout-f5bb311e wp-block-column-is-layout-flow\">\n<figure class=\"wp-block-image size-large is-style-ext-preset--image--natural-1--image-1--content-top is-style-ext-preset--image--natural-1--image-1--content-top--5\"><img loading=\"lazy\" decoding=\"async\" width=\"1024\" height=\"683\" src=\"https:\/\/dlu-stadler-kabelkonfektion.de\/wp-content\/uploads\/2026\/01\/23-1024x683.png\" alt=\"\" class=\"wp-image-59\" style=\"aspect-ratio:1;object-fit:cover\" srcset=\"https:\/\/dlu-stadler-kabelkonfektion.de\/wp-content\/uploads\/2026\/01\/23-1024x683.png 1024w, https:\/\/dlu-stadler-kabelkonfektion.de\/wp-content\/uploads\/2026\/01\/23-300x200.png 300w, https:\/\/dlu-stadler-kabelkonfektion.de\/wp-content\/uploads\/2026\/01\/23-768x512.png 768w, https:\/\/dlu-stadler-kabelkonfektion.de\/wp-content\/uploads\/2026\/01\/23-1536x1024.png 1536w, https:\/\/dlu-stadler-kabelkonfektion.de\/wp-content\/uploads\/2026\/01\/23-2048x1366.png 2048w, https:\/\/dlu-stadler-kabelkonfektion.de\/wp-content\/uploads\/2026\/01\/23-18x12.png 18w\" sizes=\"auto, (max-width: 1024px) 100vw, 1024px\" \/><\/figure>\n<\/div>\n<\/div>\n<\/div>\n\n\n\n\n\n<div class=\"wp-block-group alignfull is-style-ext-preset--group--natural-1--section has-background-background-color has-background has-global-padding is-layout-constrained wp-block-group-is-layout-constrained\" style=\"margin-top:0;margin-bottom:0;padding-top:var(--wp--preset--spacing--70);padding-bottom:var(--wp--preset--spacing--70)\">\n<div class=\"wp-block-columns alignwide are-vertically-aligned-center is-layout-flex wp-container-core-columns-is-layout-174606dc wp-block-columns-is-layout-flex\">\n<div class=\"wp-block-column is-vertically-aligned-center is-layout-flow wp-block-column-is-layout-flow\">\n<div class=\"wp-block-group alignwide is-vertical is-layout-flex wp-container-core-group-is-layout-c35747d5 wp-block-group-is-layout-flex\">\n<div class=\"wp-block-group has-global-padding is-layout-constrained wp-container-core-group-is-layout-dd32767c wp-block-group-is-layout-constrained\">\n<h2 class=\"wp-block-heading\">Discover the quality of our cable assemblies<\/h2>\n\n\n\n<p>Find out how our precision manufacturing in Germany supports your projects and benefit from durable, reliable cable solutions.<\/p>\n<\/div>\n\n\n\n<div class=\"wp-block-buttons is-layout-flex wp-block-buttons-is-layout-flex\">\n<div class=\"wp-block-button is-style-ext-preset--button--natural-1--button-1 is-style-ext-preset--button--natural-1--button-1--11\"><a class=\"wp-block-button__link wp-element-button\" href=\"https:\/\/dlu-stadler-kabelkonfektion.de\/en\/galerie\/\">Learn more<\/a><\/div>\n<\/div>\n<\/div>\n<\/div>\n\n\n\n<div class=\"wp-block-column is-vertically-aligned-center is-layout-flow wp-block-column-is-layout-flow\">\n<figure class=\"wp-block-image is-style-ext-preset--image--natural-1--image-1--content-right is-style-ext-preset--image--natural-1--image-1--content-right--12\"><img loading=\"lazy\" decoding=\"async\" width=\"960\" height=\"1440\" class=\"wp-image-116\" src=\"https:\/\/dlu-stadler-kabelkonfektion.de\/wp-content\/uploads\/2026\/02\/c76d7179af279b742363677db6ced1b30663d9d3.jpg\" alt=\"\" style=\"aspect-ratio:4\/3;object-fit:cover\" srcset=\"https:\/\/dlu-stadler-kabelkonfektion.de\/wp-content\/uploads\/2026\/02\/c76d7179af279b742363677db6ced1b30663d9d3.jpg 960w, https:\/\/dlu-stadler-kabelkonfektion.de\/wp-content\/uploads\/2026\/02\/c76d7179af279b742363677db6ced1b30663d9d3-200x300.jpg 200w, https:\/\/dlu-stadler-kabelkonfektion.de\/wp-content\/uploads\/2026\/02\/c76d7179af279b742363677db6ced1b30663d9d3-683x1024.jpg 683w, https:\/\/dlu-stadler-kabelkonfektion.de\/wp-content\/uploads\/2026\/02\/c76d7179af279b742363677db6ced1b30663d9d3-768x1152.jpg 768w, https:\/\/dlu-stadler-kabelkonfektion.de\/wp-content\/uploads\/2026\/02\/c76d7179af279b742363677db6ced1b30663d9d3-8x12.jpg 8w\" sizes=\"auto, (max-width: 960px) 100vw, 960px\" \/><\/figure>\n<\/div>\n<\/div>\n<\/div>","protected":false},"excerpt":{"rendered":"<p>Erfahren Sie mehr \u00fcber unsere Arbeitsweise und unser Engagement f\u00fcr Qualit\u00e4t. Hier zeigen wir, wie wir durch Pr\u00e4zision und deutsche Handwerkskunst hochwertige Kabel f\u00fcr verschiedene Branchen fertigen. Entdecken Sie faszinierende Einblicke in unsere Arbeit. Hier pr\u00e4sentieren wir authentische Aufnahmen, die die Pr\u00e4zision und Qualit\u00e4t unserer Kabelkonfektion in Deutschland widerspiegeln. Kundenmeinungen und Referenzen Our clients\u2019 testimonials [&hellip;]<\/p>\n","protected":false},"author":1,"featured_media":0,"parent":0,"menu_order":0,"comment_status":"closed","ping_status":"closed","template":"page-with-title","meta":{"footnotes":""},"class_list":["post-108","page","type-page","status-publish","hentry"],"aioseo_notices":[],"_links":{"self":[{"href":"https:\/\/dlu-stadler-kabelkonfektion.de\/en\/wp-json\/wp\/v2\/pages\/108","targetHints":{"allow":["GET"]}}],"collection":[{"href":"https:\/\/dlu-stadler-kabelkonfektion.de\/en\/wp-json\/wp\/v2\/pages"}],"about":[{"href":"https:\/\/dlu-stadler-kabelkonfektion.de\/en\/wp-json\/wp\/v2\/types\/page"}],"author":[{"embeddable":true,"href":"https:\/\/dlu-stadler-kabelkonfektion.de\/en\/wp-json\/wp\/v2\/users\/1"}],"replies":[{"embeddable":true,"href":"https:\/\/dlu-stadler-kabelkonfektion.de\/en\/wp-json\/wp\/v2\/comments?post=108"}],"version-history":[{"count":3,"href":"https:\/\/dlu-stadler-kabelkonfektion.de\/en\/wp-json\/wp\/v2\/pages\/108\/revisions"}],"predecessor-version":[{"id":117,"href":"https:\/\/dlu-stadler-kabelkonfektion.de\/en\/wp-json\/wp\/v2\/pages\/108\/revisions\/117"}],"wp:attachment":[{"href":"https:\/\/dlu-stadler-kabelkonfektion.de\/en\/wp-json\/wp\/v2\/media?parent=108"}],"curies":[{"name":"wp","href":"https:\/\/api.w.org\/{rel}","templated":true}]}}