{"id":26,"date":"2026-01-15T19:23:38","date_gmt":"2026-01-15T19:23:38","guid":{"rendered":"https:\/\/dlu-stadler-kabelkonfektion.de\/galerie\/"},"modified":"2026-02-08T20:57:21","modified_gmt":"2026-02-08T20:57:21","slug":"galerie","status":"publish","type":"page","link":"https:\/\/dlu-stadler-kabelkonfektion.de\/en\/galerie\/","title":{"rendered":"Gallery"},"content":{"rendered":"<div class=\"wp-block-group alignfull is-style-ext-preset--group--natural-1--section has-background-background-color has-background has-global-padding is-layout-constrained wp-container-core-group-is-layout-f72f1611 wp-block-group-is-layout-constrained\" id=\"galerie\" style=\"margin-top:0;margin-bottom:0;padding-top:var(--wp--preset--spacing--70);padding-bottom:var(--wp--preset--spacing--70)\">\n<div class=\"wp-block-group alignwide is-vertical is-layout-flex wp-container-core-group-is-layout-c35747d5 wp-block-group-is-layout-flex\">\n<div class=\"wp-block-group has-global-padding is-layout-constrained wp-container-core-group-is-layout-5e05634a wp-block-group-is-layout-constrained\">\n<h2 class=\"wp-block-heading\">High-quality cable assembly for a wide range of industries<\/h2>\n\n\n\n<p class=\"has-text-align-left\">In our gallery, we present impressive insights into our cable products and their applications.<\/p>\n<\/div>\n<\/div>\n\n\n\n<div class=\"wp-block-columns alignwide is-layout-flex wp-container-core-columns-is-layout-87beb0d0 wp-block-columns-is-layout-flex\">\n<div class=\"wp-block-column is-vertically-aligned-stretch is-layout-flow wp-container-core-column-is-layout-f5bb311e wp-block-column-is-layout-flow\" style=\"flex-basis:50%\">\n<div class=\"wp-block-cover is-style-ext-preset--image--natural-1--image-1--content-top is-style-ext-preset--image--natural-1--image-1--content-top--2\" style=\"padding-top:0;padding-bottom:0;min-height:100%;aspect-ratio:unset;\"><img loading=\"lazy\" decoding=\"async\" width=\"1024\" height=\"683\" class=\"wp-block-cover__image-background wp-image-95 size-large\" alt=\"\" src=\"https:\/\/dlu-stadler-kabelkonfektion.de\/wp-content\/uploads\/2026\/02\/20-1-1024x683.png\" data-object-fit=\"cover\" srcset=\"https:\/\/dlu-stadler-kabelkonfektion.de\/wp-content\/uploads\/2026\/02\/20-1-1024x683.png 1024w, https:\/\/dlu-stadler-kabelkonfektion.de\/wp-content\/uploads\/2026\/02\/20-1-300x200.png 300w, https:\/\/dlu-stadler-kabelkonfektion.de\/wp-content\/uploads\/2026\/02\/20-1-768x512.png 768w, https:\/\/dlu-stadler-kabelkonfektion.de\/wp-content\/uploads\/2026\/02\/20-1-1536x1024.png 1536w, https:\/\/dlu-stadler-kabelkonfektion.de\/wp-content\/uploads\/2026\/02\/20-1-2048x1366.png 2048w, https:\/\/dlu-stadler-kabelkonfektion.de\/wp-content\/uploads\/2026\/02\/20-1-18x12.png 18w\" sizes=\"auto, (max-width: 1024px) 100vw, 1024px\" \/><span aria-hidden=\"true\" class=\"wp-block-cover__background has-background-dim-0 has-background-dim\" style=\"background-color:#77885a\"><\/span><div class=\"wp-block-cover__inner-container is-layout-flow wp-block-cover-is-layout-flow\">\n<div style=\"height:240px\" aria-hidden=\"true\" class=\"wp-block-spacer\"><\/div>\n<\/div><\/div>\n<\/div>\n\n\n\n<div class=\"wp-block-column is-vertically-aligned-top is-layout-flow wp-container-core-column-is-layout-f5bb311e wp-block-column-is-layout-flow\">\n<figure class=\"wp-block-image size-full is-style-ext-preset--image--natural-1--image-1--content-top is-style-ext-preset--image--natural-1--image-1--content-top--3\"><img loading=\"lazy\" decoding=\"async\" width=\"2560\" height=\"1707\" src=\"https:\/\/dlu-stadler-kabelkonfektion.de\/wp-content\/uploads\/2026\/01\/10-scaled.png\" alt=\"\" class=\"wp-image-45\" style=\"aspect-ratio:1;object-fit:cover\" srcset=\"https:\/\/dlu-stadler-kabelkonfektion.de\/wp-content\/uploads\/2026\/01\/10-scaled.png 2560w, https:\/\/dlu-stadler-kabelkonfektion.de\/wp-content\/uploads\/2026\/01\/10-300x200.png 300w, https:\/\/dlu-stadler-kabelkonfektion.de\/wp-content\/uploads\/2026\/01\/10-1024x683.png 1024w, https:\/\/dlu-stadler-kabelkonfektion.de\/wp-content\/uploads\/2026\/01\/10-768x512.png 768w, https:\/\/dlu-stadler-kabelkonfektion.de\/wp-content\/uploads\/2026\/01\/10-1536x1024.png 1536w, https:\/\/dlu-stadler-kabelkonfektion.de\/wp-content\/uploads\/2026\/01\/10-2048x1366.png 2048w, https:\/\/dlu-stadler-kabelkonfektion.de\/wp-content\/uploads\/2026\/01\/10-18x12.png 18w\" sizes=\"auto, (max-width: 2560px) 100vw, 2560px\" \/><\/figure>\n\n\n\n<figure class=\"wp-block-image is-style-ext-preset--image--natural-1--image-1--content-top is-style-ext-preset--image--natural-1--image-1--content-top--4\"><img loading=\"lazy\" decoding=\"async\" width=\"839\" height=\"1440\" src=\"https:\/\/dlu-stadler-kabelkonfektion.de\/wp-content\/uploads\/2026\/01\/3fcadb635449c8c0d26f669a57f924bd98f321f9.jpg\" alt=\"\" class=\"wp-image-65\" style=\"aspect-ratio:1;object-fit:cover\" srcset=\"https:\/\/dlu-stadler-kabelkonfektion.de\/wp-content\/uploads\/2026\/01\/3fcadb635449c8c0d26f669a57f924bd98f321f9.jpg 839w, https:\/\/dlu-stadler-kabelkonfektion.de\/wp-content\/uploads\/2026\/01\/3fcadb635449c8c0d26f669a57f924bd98f321f9-175x300.jpg 175w, https:\/\/dlu-stadler-kabelkonfektion.de\/wp-content\/uploads\/2026\/01\/3fcadb635449c8c0d26f669a57f924bd98f321f9-597x1024.jpg 597w, https:\/\/dlu-stadler-kabelkonfektion.de\/wp-content\/uploads\/2026\/01\/3fcadb635449c8c0d26f669a57f924bd98f321f9-768x1318.jpg 768w, https:\/\/dlu-stadler-kabelkonfektion.de\/wp-content\/uploads\/2026\/01\/3fcadb635449c8c0d26f669a57f924bd98f321f9-7x12.jpg 7w\" sizes=\"auto, (max-width: 839px) 100vw, 839px\" \/><\/figure>\n<\/div>\n\n\n\n<div class=\"wp-block-column is-vertically-aligned-top is-layout-flow wp-container-core-column-is-layout-f5bb311e wp-block-column-is-layout-flow\">\n<figure class=\"wp-block-image size-large is-style-ext-preset--image--natural-1--image-1--content-top is-style-ext-preset--image--natural-1--image-1--content-top--5\"><img loading=\"lazy\" decoding=\"async\" width=\"1024\" height=\"683\" src=\"https:\/\/dlu-stadler-kabelkonfektion.de\/wp-content\/uploads\/2026\/01\/19-1024x683.png\" alt=\"\" class=\"wp-image-54\" style=\"aspect-ratio:1;object-fit:cover\" srcset=\"https:\/\/dlu-stadler-kabelkonfektion.de\/wp-content\/uploads\/2026\/01\/19-1024x683.png 1024w, https:\/\/dlu-stadler-kabelkonfektion.de\/wp-content\/uploads\/2026\/01\/19-300x200.png 300w, https:\/\/dlu-stadler-kabelkonfektion.de\/wp-content\/uploads\/2026\/01\/19-768x512.png 768w, https:\/\/dlu-stadler-kabelkonfektion.de\/wp-content\/uploads\/2026\/01\/19-1536x1024.png 1536w, https:\/\/dlu-stadler-kabelkonfektion.de\/wp-content\/uploads\/2026\/01\/19-2048x1366.png 2048w, https:\/\/dlu-stadler-kabelkonfektion.de\/wp-content\/uploads\/2026\/01\/19-18x12.png 18w\" sizes=\"auto, (max-width: 1024px) 100vw, 1024px\" \/><\/figure>\n\n\n\n<figure class=\"wp-block-image size-large is-style-ext-preset--image--natural-1--image-1--content-top is-style-ext-preset--image--natural-1--image-1--content-top--6\"><img loading=\"lazy\" decoding=\"async\" width=\"1024\" height=\"683\" src=\"https:\/\/dlu-stadler-kabelkonfektion.de\/wp-content\/uploads\/2026\/01\/18-1024x683.png\" alt=\"\" class=\"wp-image-53\" style=\"aspect-ratio:1;object-fit:cover\" srcset=\"https:\/\/dlu-stadler-kabelkonfektion.de\/wp-content\/uploads\/2026\/01\/18-1024x683.png 1024w, https:\/\/dlu-stadler-kabelkonfektion.de\/wp-content\/uploads\/2026\/01\/18-300x200.png 300w, https:\/\/dlu-stadler-kabelkonfektion.de\/wp-content\/uploads\/2026\/01\/18-768x512.png 768w, https:\/\/dlu-stadler-kabelkonfektion.de\/wp-content\/uploads\/2026\/01\/18-1536x1024.png 1536w, https:\/\/dlu-stadler-kabelkonfektion.de\/wp-content\/uploads\/2026\/01\/18-2048x1366.png 2048w, https:\/\/dlu-stadler-kabelkonfektion.de\/wp-content\/uploads\/2026\/01\/18-18x12.png 18w\" sizes=\"auto, (max-width: 1024px) 100vw, 1024px\" \/><\/figure>\n<\/div>\n<\/div>\n<\/div>\n\n\n\n<div class=\"wp-block-group alignfull is-style-ext-preset--group--natural-1--section has-tertiary-background-color has-background has-global-padding is-layout-constrained wp-block-group-is-layout-constrained\" id=\"ueber-uns\" style=\"margin-top:0;margin-bottom:0;padding-top:var(--wp--preset--spacing--70);padding-bottom:var(--wp--preset--spacing--70)\">\n<div class=\"wp-block-columns alignwide are-vertically-aligned-center is-layout-flex wp-container-core-columns-is-layout-174606dc wp-block-columns-is-layout-flex\">\n<div class=\"wp-block-column is-vertically-aligned-center is-layout-flow wp-block-column-is-layout-flow\">\n<div class=\"wp-block-group alignwide is-vertical is-layout-flex wp-container-core-group-is-layout-c35747d5 wp-block-group-is-layout-flex\">\n<div class=\"wp-block-group has-global-padding is-layout-constrained wp-container-core-group-is-layout-dd32767c wp-block-group-is-layout-constrained\">\n<h2 class=\"wp-block-heading\">Customized cable assembly with first-class precision<\/h2>\n\n\n\n<p>DLU Stadler Kabelkonfektion stands for innovative cable manufacturing that combines the highest quality and reliability. Our mission is to deliver industry solutions that promote efficiency and safety.<\/p>\n<\/div>\n<\/div>\n<\/div>\n\n\n\n<div class=\"wp-block-column is-vertically-aligned-center is-layout-flow wp-block-column-is-layout-flow\">\n<figure class=\"wp-block-image size-large is-style-ext-preset--image--natural-1--image-1--content-left is-style-ext-preset--image--natural-1--image-1--content-left--8\"><img loading=\"lazy\" decoding=\"async\" width=\"1024\" height=\"683\" src=\"https:\/\/dlu-stadler-kabelkonfektion.de\/wp-content\/uploads\/2026\/02\/15-1024x683.png\" alt=\"\" class=\"wp-image-84\" style=\"aspect-ratio:1;object-fit:cover\" srcset=\"https:\/\/dlu-stadler-kabelkonfektion.de\/wp-content\/uploads\/2026\/02\/15-1024x683.png 1024w, https:\/\/dlu-stadler-kabelkonfektion.de\/wp-content\/uploads\/2026\/02\/15-300x200.png 300w, https:\/\/dlu-stadler-kabelkonfektion.de\/wp-content\/uploads\/2026\/02\/15-768x512.png 768w, https:\/\/dlu-stadler-kabelkonfektion.de\/wp-content\/uploads\/2026\/02\/15-1536x1024.png 1536w, https:\/\/dlu-stadler-kabelkonfektion.de\/wp-content\/uploads\/2026\/02\/15-2048x1366.png 2048w, https:\/\/dlu-stadler-kabelkonfektion.de\/wp-content\/uploads\/2026\/02\/15-18x12.png 18w\" sizes=\"auto, (max-width: 1024px) 100vw, 1024px\" \/><\/figure>\n<\/div>\n<\/div>\n<\/div>\n\n\n\n<figure class=\"wp-block-gallery alignwide has-nested-images columns-default is-cropped wp-block-gallery-9 is-layout-flex wp-block-gallery-is-layout-flex\">\n<figure class=\"wp-block-image size-large\"><img loading=\"lazy\" decoding=\"async\" width=\"1024\" height=\"683\" data-id=\"84\" src=\"https:\/\/dlu-stadler-kabelkonfektion.de\/wp-content\/uploads\/2026\/02\/15-1024x683.png\" alt=\"\" class=\"wp-image-84\" srcset=\"https:\/\/dlu-stadler-kabelkonfektion.de\/wp-content\/uploads\/2026\/02\/15-1024x683.png 1024w, https:\/\/dlu-stadler-kabelkonfektion.de\/wp-content\/uploads\/2026\/02\/15-300x200.png 300w, https:\/\/dlu-stadler-kabelkonfektion.de\/wp-content\/uploads\/2026\/02\/15-768x512.png 768w, https:\/\/dlu-stadler-kabelkonfektion.de\/wp-content\/uploads\/2026\/02\/15-1536x1024.png 1536w, https:\/\/dlu-stadler-kabelkonfektion.de\/wp-content\/uploads\/2026\/02\/15-2048x1366.png 2048w, https:\/\/dlu-stadler-kabelkonfektion.de\/wp-content\/uploads\/2026\/02\/15-18x12.png 18w\" sizes=\"auto, (max-width: 1024px) 100vw, 1024px\" \/><\/figure>\n\n\n\n<figure class=\"wp-block-image size-large\"><img decoding=\"async\" data-id=\"46\" src=\"https:\/\/dlu-stadler-kabelkonfektion.de\/wp-content\/uploads\/2026\/01\/11.png\" alt=\"\" class=\"wp-image-46\"\/><\/figure>\n\n\n\n<figure class=\"wp-block-image size-large\"><img loading=\"lazy\" decoding=\"async\" width=\"1024\" height=\"683\" data-id=\"47\" src=\"https:\/\/dlu-stadler-kabelkonfektion.de\/wp-content\/uploads\/2026\/01\/12-1024x683.png\" alt=\"\" class=\"wp-image-47\" srcset=\"https:\/\/dlu-stadler-kabelkonfektion.de\/wp-content\/uploads\/2026\/01\/12-1024x683.png 1024w, https:\/\/dlu-stadler-kabelkonfektion.de\/wp-content\/uploads\/2026\/01\/12-300x200.png 300w, https:\/\/dlu-stadler-kabelkonfektion.de\/wp-content\/uploads\/2026\/01\/12-768x512.png 768w, https:\/\/dlu-stadler-kabelkonfektion.de\/wp-content\/uploads\/2026\/01\/12-1536x1024.png 1536w, https:\/\/dlu-stadler-kabelkonfektion.de\/wp-content\/uploads\/2026\/01\/12-2048x1366.png 2048w, https:\/\/dlu-stadler-kabelkonfektion.de\/wp-content\/uploads\/2026\/01\/12-18x12.png 18w\" sizes=\"auto, (max-width: 1024px) 100vw, 1024px\" \/><\/figure>\n\n\n\n<figure class=\"wp-block-image size-large\"><img decoding=\"async\" data-id=\"44\" src=\"https:\/\/dlu-stadler-kabelkonfektion.de\/wp-content\/uploads\/2026\/01\/9.png\" alt=\"\" class=\"wp-image-44\"\/><\/figure>\n\n\n\n<figure class=\"wp-block-image size-large\"><img loading=\"lazy\" decoding=\"async\" width=\"1024\" height=\"683\" data-id=\"43\" src=\"https:\/\/dlu-stadler-kabelkonfektion.de\/wp-content\/uploads\/2026\/01\/8-1024x683.png\" alt=\"\" class=\"wp-image-43\" srcset=\"https:\/\/dlu-stadler-kabelkonfektion.de\/wp-content\/uploads\/2026\/01\/8-1024x683.png 1024w, https:\/\/dlu-stadler-kabelkonfektion.de\/wp-content\/uploads\/2026\/01\/8-300x200.png 300w, https:\/\/dlu-stadler-kabelkonfektion.de\/wp-content\/uploads\/2026\/01\/8-768x512.png 768w, https:\/\/dlu-stadler-kabelkonfektion.de\/wp-content\/uploads\/2026\/01\/8-1536x1024.png 1536w, https:\/\/dlu-stadler-kabelkonfektion.de\/wp-content\/uploads\/2026\/01\/8-2048x1366.png 2048w, https:\/\/dlu-stadler-kabelkonfektion.de\/wp-content\/uploads\/2026\/01\/8-18x12.png 18w\" sizes=\"auto, (max-width: 1024px) 100vw, 1024px\" \/><\/figure>\n\n\n\n<figure class=\"wp-block-image size-large\"><img decoding=\"async\" data-id=\"42\" src=\"https:\/\/dlu-stadler-kabelkonfektion.de\/wp-content\/uploads\/2026\/01\/7.png\" alt=\"\" class=\"wp-image-42\"\/><\/figure>\n\n\n\n<figure class=\"wp-block-image size-large\"><img decoding=\"async\" data-id=\"41\" src=\"https:\/\/dlu-stadler-kabelkonfektion.de\/wp-content\/uploads\/2026\/01\/6.png\" alt=\"\" class=\"wp-image-41\"\/><\/figure>\n<\/figure>\n\n\n\n<div class=\"wp-block-group alignfull is-style-ext-preset--group--natural-1--section has-background-background-color has-background has-global-padding is-layout-constrained wp-container-core-group-is-layout-e955bbaf wp-block-group-is-layout-constrained\" id=\"funktionen\" style=\"margin-top:0;margin-bottom:0;padding-top:var(--wp--preset--spacing--70);padding-bottom:var(--wp--preset--spacing--70)\">\n<div class=\"wp-block-group alignwide is-vertical is-content-justification-center is-layout-flex wp-container-core-group-is-layout-c9ee0c5a wp-block-group-is-layout-flex\">\n<div class=\"wp-block-group has-global-padding is-layout-constrained wp-container-core-group-is-layout-5e05634a wp-block-group-is-layout-constrained\">\n<h2 class=\"wp-block-heading has-text-align-center\">DLU Stadler Kabelkonfektion: Precision in every cable<\/h2>\n\n\n\n<p class=\"has-text-align-center\">As a medium-sized company, we manufacture high-quality cables for a wide range of industries, focusing on quality and reliability.<\/p>\n<\/div>\n<\/div>\n\n\n\n<div class=\"wp-block-columns alignwide is-layout-flex wp-container-core-columns-is-layout-08c01c1c wp-block-columns-is-layout-flex\">\n<div class=\"wp-block-column is-vertically-aligned-stretch is-layout-flow wp-container-core-column-is-layout-f5bb311e wp-block-column-is-layout-flow\">\n<div class=\"wp-block-group is-style-ext-preset--group--natural-1--item-card-1--align-center has-global-padding is-layout-constrained wp-block-group-is-layout-constrained is-style-ext-preset--group--natural-1--item-card-1--align-center--11\">\n<div class=\"wp-block-group is-style-default has-global-padding is-layout-constrained wp-block-group-is-layout-constrained\">\n<figure class=\"wp-block-image aligncenter size-large ext-aspect-landscape wp-duotone-primary-foreground\"><img decoding=\"async\" src=\"data:image\/svg+xml;base64,PHN2ZyB4bWxucz0iaHR0cDovL3d3dy53My5vcmcvMjAwMC9zdmciIHdpZHRoPSI0OCIgaGVpZ2h0PSI0OCIgZmlsbD0iIzAwMDAwMCIgdmlld0JveD0iMCAwIDI1NiAyNTYiPjxwYXRoIGQ9Ik0xNzIsNzZhNDQsNDQsMCwxLDAtNDQsNDRBNDQuMDUsNDQuMDUsMCwwLDAsMTcyLDc2Wm0tNDQsMjhhMjgsMjgsMCwxLDEsMjgtMjhBMjgsMjgsMCwwLDEsMTI4LDEwNFptNjAsMjRhNDQsNDQsMCwxLDAsNDQsNDRBNDQuMDUsNDQuMDUsMCwwLDAsMTg4LDEyOFptMCw3MmEyOCwyOCwwLDEsMSwyOC0yOEEyOCwyOCwwLDAsMSwxODgsMjAwWk02OCwxMjhhNDQsNDQsMCwxLDAsNDQsNDRBNDQuMDUsNDQuMDUsMCwwLDAsNjgsMTI4Wm0wLDcyYTI4LDI4LDAsMSwxLDI4LTI4QTI4LDI4LDAsMCwxLDY4LDIwMFoiPjwvcGF0aD48L3N2Zz4=\" alt=\"\" style=\"object-fit:cover\"\/><\/figure>\n\n\n\n<h3 class=\"wp-block-heading has-text-align-center\">Customized cable assembly<\/h3>\n\n\n\n<p class=\"has-text-align-center\">Customized solutions that are perfectly tailored to your requirements.<\/p>\n<\/div>\n<\/div>\n<\/div>\n\n\n\n<div class=\"wp-block-column is-vertically-aligned-stretch is-layout-flow wp-container-core-column-is-layout-f5bb311e wp-block-column-is-layout-flow\">\n<div class=\"wp-block-group is-style-ext-preset--group--natural-1--item-card-1--align-center has-global-padding is-layout-constrained wp-block-group-is-layout-constrained is-style-ext-preset--group--natural-1--item-card-1--align-center--12\">\n<div class=\"wp-block-group is-style-default has-global-padding is-layout-constrained wp-block-group-is-layout-constrained\">\n<figure class=\"wp-block-image aligncenter size-large ext-aspect-landscape wp-duotone-primary-foreground\"><img decoding=\"async\" src=\"data:image\/svg+xml;base64,PHN2ZyB4bWxucz0iaHR0cDovL3d3dy53My5vcmcvMjAwMC9zdmciIHdpZHRoPSI0OCIgaGVpZ2h0PSI0OCIgZmlsbD0iIzAwMDAwMCIgdmlld0JveD0iMCAwIDI1NiAyNTYiPjxwYXRoIGQ9Ik04MCw0MGE0MCw0MCwwLDEsMCw0MCw0MEE0MCw0MCwwLDAsMCw4MCw0MFptMCw2NGEyNCwyNCwwLDEsMSwyNC0yNEEyNCwyNCwwLDAsMSw4MCwxMDRabTk2LDE2YTQwLDQwLDAsMSwwLTQwLTQwQTQwLDQwLDAsMCwwLDE3NiwxMjBabTAtNjRhMjQsMjQsMCwxLDEtMjQsMjRBMjQsMjQsMCwwLDEsMTc2LDU2Wk04MCwxMzZhNDAsNDAsMCwxLDAsNDAsNDBBNDAsNDAsMCwwLDAsODAsMTM2Wm0wLDY0YTI0LDI0LDAsMSwxLDI0LTI0QTI0LDI0LDAsMCwxLDgwLDIwMFptOTYtNjRhNDAsNDAsMCwxLDAsNDAsNDBBNDAsNDAsMCwwLDAsMTc2LDEzNlptMCw2NGEyNCwyNCwwLDEsMSwyNC0yNEEyNCwyNCwwLDAsMSwxNzYsMjAwWiI+PC9wYXRoPjwvc3ZnPg==\" alt=\"\" style=\"object-fit:cover\"\/><\/figure>\n\n\n\n<h3 class=\"wp-block-heading has-text-align-center\">Industry diversity<\/h3>\n\n\n\n<p class=\"has-text-align-center\">Our cables are used in industry, automotive and medical technology.<\/p>\n<\/div>\n<\/div>\n<\/div>\n\n\n\n<div class=\"wp-block-column is-vertically-aligned-stretch is-layout-flow wp-container-core-column-is-layout-f5bb311e wp-block-column-is-layout-flow\">\n<div class=\"wp-block-group is-style-ext-preset--group--natural-1--item-card-1--align-center has-global-padding is-layout-constrained wp-block-group-is-layout-constrained is-style-ext-preset--group--natural-1--item-card-1--align-center--13\">\n<div class=\"wp-block-group is-style-default has-global-padding is-layout-constrained wp-block-group-is-layout-constrained\">\n<figure class=\"wp-block-image aligncenter size-large ext-aspect-landscape wp-duotone-primary-foreground\"><img decoding=\"async\" src=\"data:image\/svg+xml;base64,PHN2ZyB4bWxucz0iaHR0cDovL3d3dy53My5vcmcvMjAwMC9zdmciIHdpZHRoPSI0OCIgaGVpZ2h0PSI0OCIgZmlsbD0iIzAwMDAwMCIgdmlld0JveD0iMCAwIDI1NiAyNTYiPjxwYXRoIGQ9Ik04MCw0MGE0MCw0MCwwLDEsMCw0MCw0MEE0MCw0MCwwLDAsMCw4MCw0MFptMCw2NGEyNCwyNCwwLDEsMSwyNC0yNEEyNCwyNCwwLDAsMSw4MCwxMDRabTk2LDE2YTQwLDQwLDAsMSwwLTQwLTQwQTQwLDQwLDAsMCwwLDE3NiwxMjBabTAtNjRhMjQsMjQsMCwxLDEtMjQsMjRBMjQsMjQsMCwwLDEsMTc2LDU2Wk04MCwxMzZhNDAsNDAsMCwxLDAsNDAsNDBBNDAsNDAsMCwwLDAsODAsMTM2Wm0wLDY0YTI0LDI0LDAsMSwxLDI0LTI0QTI0LDI0LDAsMCwxLDgwLDIwMFptMTM2LTI0YTgsOCwwLDAsMS04LDhIMTg0djI0YTgsOCwwLDAsMS0xNiwwVjE4NEgxNDRhOCw4LDAsMCwxLDAtMTZoMjRWMTQ0YTgsOCwwLDAsMSwxNiwwdjI0aDI0QTgsOCwwLDAsMSwyMTYsMTc2WiI+PC9wYXRoPjwvc3ZnPg==\" alt=\"\" style=\"object-fit:cover\"\/><\/figure>\n\n\n\n<h3 class=\"wp-block-heading has-text-align-center\">Reliability and quality<\/h3>\n\n\n\n<p class=\"has-text-align-center\">Strict quality controls ensure durable and high-performance products.<\/p>\n<\/div>\n<\/div>\n<\/div>\n<\/div>\n<\/div>","protected":false},"excerpt":{"rendered":"<p>Hochwertige Kabelkonfektion f\u00fcr vielf\u00e4ltige Branchen In unserer Galerie pr\u00e4sentieren wir Ihnen eindrucksvolle Einblicke in unsere Kabelprodukte und deren Anwendung. Ma\u00dfgeschneiderte Kabelkonfektion mit erstklassiger Pr\u00e4zision DLU Stadler Kabelkonfektion steht f\u00fcr innovative Kabelherstellung, die h\u00f6chste Qualit\u00e4t und Zuverl\u00e4ssigkeit verbindet. Unsere Mission ist es, Branchenl\u00f6sungen zu liefern, die Effizienz und Sicherheit f\u00f6rdern. DLU Stadler Kabelkonfektion: Pr\u00e4zision in jedem [&hellip;]<\/p>\n","protected":false},"author":1,"featured_media":0,"parent":0,"menu_order":0,"comment_status":"closed","ping_status":"closed","template":"page-with-title","meta":{"footnotes":""},"class_list":["post-26","page","type-page","status-publish","hentry"],"aioseo_notices":[],"_links":{"self":[{"href":"https:\/\/dlu-stadler-kabelkonfektion.de\/en\/wp-json\/wp\/v2\/pages\/26","targetHints":{"allow":["GET"]}}],"collection":[{"href":"https:\/\/dlu-stadler-kabelkonfektion.de\/en\/wp-json\/wp\/v2\/pages"}],"about":[{"href":"https:\/\/dlu-stadler-kabelkonfektion.de\/en\/wp-json\/wp\/v2\/types\/page"}],"author":[{"embeddable":true,"href":"https:\/\/dlu-stadler-kabelkonfektion.de\/en\/wp-json\/wp\/v2\/users\/1"}],"replies":[{"embeddable":true,"href":"https:\/\/dlu-stadler-kabelkonfektion.de\/en\/wp-json\/wp\/v2\/comments?post=26"}],"version-history":[{"count":4,"href":"https:\/\/dlu-stadler-kabelkonfektion.de\/en\/wp-json\/wp\/v2\/pages\/26\/revisions"}],"predecessor-version":[{"id":97,"href":"https:\/\/dlu-stadler-kabelkonfektion.de\/en\/wp-json\/wp\/v2\/pages\/26\/revisions\/97"}],"wp:attachment":[{"href":"https:\/\/dlu-stadler-kabelkonfektion.de\/en\/wp-json\/wp\/v2\/media?parent=26"}],"curies":[{"name":"wp","href":"https:\/\/api.w.org\/{rel}","templated":true}]}}